{"id":3,"date":"2021-07-08T15:11:41","date_gmt":"2021-07-08T13:11:41","guid":{"rendered":"https:\/\/dumoulin.cloth.be\/?page_id=3"},"modified":"2022-09-12T10:22:59","modified_gmt":"2022-09-12T08:22:59","slug":"politique-de-confidentialite","status":"publish","type":"page","link":"https:\/\/dumoulin-aero.com\/fr\/politique-de-confidentialite\/","title":{"rendered":"Politique de confidentialit\u00e9"},"content":{"rendered":"\r\n<h2 class=\"wp-block-heading\">Politique de confidentialit\u00e9<\/h2>\r\n<p>Responsable de la collecte, du traitement et de l\u2019utilisation de vos donn\u00e9es personnelles au sens de l\u2019article 4 n \u00b0 7 du RGPD<\/p>\r\n<p>DUMOULIN AERO<br \/>Rue Al\u2019Trappe 110<br \/>4432 Alleur<br \/>Belgium<\/p>\r\n<p>Tel.: +32 4 228 89 60<br \/>E-Mail:\u00a0<a href=\"mailto:management@dumoulin-aero.com\">management@dumoulin-aero.com<\/a><\/p>\r\n<p>Si vous souhaitez vous opposer \u00e0 la collecte, le traitement ou l\u2019utilisation de vos informations par nous conform\u00e9ment \u00e0 la pr\u00e9sente Politique de confidentialit\u00e9 dans son ensemble ou pour des mesures individuelles, vous pouvez adresser votre objection \u00e0 la personne responsable.<\/p>\r\n<p>Cette politique de confidentialit\u00e9 est destin\u00e9e \u00e0 informer les utilisateurs de ce site Web sur la nature, la port\u00e9e et le but de la collecte et l\u2019utilisation de donn\u00e9es personnelles par l\u2019op\u00e9rateur du site.<\/p>\r\n<p>L\u2019op\u00e9rateur du site Web prend votre vie priv\u00e9e tr\u00e8s au s\u00e9rieux et traitera vos informations personnelles de mani\u00e8re confidentielle et conform\u00e9ment \u00e0 la loi. \u00c9tant donn\u00e9 que des modifications \u00e0 cette politique de confidentialit\u00e9 peuvent \u00eatre apport\u00e9es par le biais de nouvelles technologies et de l\u2019\u00e9volution continue de ce site, nous vous encourageons \u00e0 consulter r\u00e9guli\u00e8rement la politique de confidentialit\u00e9.<\/p>\r\n<p>Les d\u00e9finitions des termes utilis\u00e9s (par exemple \u00ab\u00a0donn\u00e9es personnelles\u00a0\u00bb ou \u00ab\u00a0traitement\u00a0\u00bb) se trouvent dans l\u2019article 4 du RGPD.<\/p>\r\n<h2>EFFACEMENT DES DONN\u00c9ES ET DUR\u00c9E DE STOCKAGE<\/h2>\r\n<p>Les donn\u00e9es personnelles de la personne concern\u00e9e seront supprim\u00e9es ou bloqu\u00e9es d\u00e8s que l\u2019objectif du stockage sera supprim\u00e9. En outre, un tel stockage peut \u00eatre pr\u00e9vu par le l\u00e9gislateur europ\u00e9en ou national dans les r\u00e8glements, lois ou autres r\u00e9glementations de l\u2019UE auxquels le contr\u00f4leur est soumis. Le blocage ou la suppression des donn\u00e9es intervient \u00e9galement lorsqu\u2019une p\u00e9riode de stockage prescrite par les normes mentionn\u00e9es expire, \u00e0 moins qu\u2019il ne soit n\u00e9cessaire de conserver les donn\u00e9es pour la conclusion d\u2019un contrat ou l\u2019ex\u00e9cution du contrat.<\/p>\r\n<h2>DONN\u00c9ES D\u2019ACC\u00c8S<\/h2>\r\n<p>Nous, l\u2019op\u00e9rateur de site Web ou fournisseur de site, \u00e9levons \u00e0 cause de notre int\u00e9r\u00eat l\u00e9gitime (art. Art. 6 par. 1, point f. RGPD) des donn\u00e9es sur l\u2019acc\u00e8s au site et l\u2019enregistrer comme un \u00ab logs du serveur \u00bb sur le serveur du site \u00e0 partir. Les donn\u00e9es suivantes sont consign\u00e9es:<\/p>\r\n<ul>\r\n<li>Site visit\u00e9<\/li>\r\n<li>Heure au moment de l\u2019acc\u00e8s<\/li>\r\n<li>Quantit\u00e9 de donn\u00e9es envoy\u00e9es en octets<\/li>\r\n<li>Source \/ r\u00e9f\u00e9rence \u00e0 partir de laquelle vous \u00eates arriv\u00e9 sur la page<\/li>\r\n<li>Navigateur utilis\u00e9<\/li>\r\n<li>Syst\u00e8me d\u2019exploitation utilis\u00e9<\/li>\r\n<li>Adresse IP utilis\u00e9e<\/li>\r\n<\/ul>\r\n<p>Les fichiers log du serveur sont stock\u00e9s pendant un maximum de 180 jours, puis supprim\u00e9s. Le stockage des donn\u00e9es est fait pour des raisons de s\u00e9curit\u00e9, pour clarifier les cas d\u2019abus. Si les donn\u00e9es doivent \u00eatre r\u00e9voqu\u00e9es pour des raisons de preuve, elles sont exclues de la suppression jusqu\u2019\u00e0 ce que l\u2019incident ait \u00e9t\u00e9 d\u00e9finitivement clarifi\u00e9.<\/p>\r\n<p>La collecte de donn\u00e9es pour la mise \u00e0 disposition du site Web et le stockage des donn\u00e9es dans des fichiers log est essentielle pour le fonctionnement du site Web. Il n\u2019y a donc aucune contradiction de la part de l\u2019utilisateur.<\/p>\r\n<h2>COLLECTE ET TRAITEMENT DES DONN\u00c9ES PERSONNELLES<\/h2>\r\n<p>L\u2019op\u00e9rateur du site recueille, utilise et transf\u00e8re vos donn\u00e9es personnelles uniquement si cela est autoris\u00e9 par la loi ou si vous consentez \u00e0 la collecte de donn\u00e9es.<\/p>\r\n<p>Les informations personnelles d\u00e9signent toutes les informations utilis\u00e9es pour identifier votre personne et qui peuvent vous \u00eatre attribu\u00e9es, telles que votre nom, votre adresse e-mail et votre num\u00e9ro de t\u00e9l\u00e9phone.<\/p>\r\n<p>Vous pouvez \u00e9galement visiter ce site sans donner aucune information personnelle. Pour am\u00e9liorer notre offre en ligne, cependant, nous (sans r\u00e9f\u00e9rence personnelle) stockons vos donn\u00e9es d\u2019acc\u00e8s sur ce site. Ces donn\u00e9es d\u2019acc\u00e8s incluent z. Par exemple, le fichier que vous avez demand\u00e9 ou le nom de votre fournisseur de services Internet. En raison de l\u2019anonymisation des donn\u00e9es, les conclusions sur votre personne ne sont pas possibles.<\/p>\r\n<ol>\r\n<li><strong>Quoi?<\/strong>\u00a0\u2013 Nous traitons les donn\u00e9es personnelles telles que le pr\u00e9nom, le nom, l\u2019adresse IP, l\u2019adresse e-mail, le lieu de r\u00e9sidence, le code postal et le contenu du formulaire de contact.<\/li>\r\n<li><strong>Comment?<\/strong>\u00a0\u2013 Nous traitons les donn\u00e9es personnelles uniquement avec l\u2019autorisation expresse des utilisateurs concern\u00e9s et conform\u00e9ment aux r\u00e9glementations applicables en mati\u00e8re de protection des donn\u00e9es.<\/li>\r\n<li><strong>Pourquoi?<\/strong>\u00a0\u2013 Le traitement des donn\u00e9es personnelles est bas\u00e9 sur notre int\u00e9r\u00eat l\u00e9gitime \u00e0 remplir nos services contractuellement convenus et \u00e0 optimiser nos services en ligne.<\/li>\r\n<\/ol>\r\n<h2>FORMULAIRE DE CONTACT ET CONTACT PAR E-MAIL<\/h2>\r\n<p>Sur notre site Web est un formulaire de contact disponible, qui peut \u00eatre utilis\u00e9 pour un contact \u00e9lectronique. Si un utilisateur utilise cette option, les donn\u00e9es saisies dans le masque de saisie nous seront transmises et sauvegard\u00e9es.<\/p>\r\n<p>Alternativement, le contact via l\u2019adresse e-mail fournie est possible. Dans ce cas, les donn\u00e9es personnelles de l\u2019utilisateur transmises par e-mail seront stock\u00e9es.<\/p>\r\n<p>Dans ce contexte, il n\u2019y a pas de divulgation des donn\u00e9es \u00e0 des tiers. Les donn\u00e9es sont utilis\u00e9es exclusivement pour le traitement de la conversation.<\/p>\r\n<p>La base juridique pour le traitement des donn\u00e9es est en pr\u00e9sence du consentement de l\u2019utilisateur Art 6 paragraphe 1 lit. un GDPR.<\/p>\r\n<p>La base juridique pour le traitement des donn\u00e9es transmises lors de l\u2019envoi d\u2019un e-mail est l\u2019article 6 (1) allum\u00e9. f GDPR. Si le contact par e-mail vise \u00e0 conclure un contrat, la base juridique suppl\u00e9mentaire pour le traitement est l\u2019article 6, paragraphe 1, lit. b GDPR.<\/p>\r\n<p>Le traitement des donn\u00e9es personnelles \u00e0 partir du masque de saisie ne nous sert qu\u2019\u00e0 traiter le contact. Dans le cas d\u2019un contact par e-mail, cela inclut \u00e9galement l\u2019int\u00e9r\u00eat l\u00e9gitime requis dans le traitement des donn\u00e9es.<br \/>Les autres donn\u00e9es personnelles trait\u00e9es au cours du processus d\u2019envoi servent \u00e0 emp\u00eacher une utilisation abusive du formulaire de contact et \u00e0 assurer la s\u00e9curit\u00e9 de nos syst\u00e8mes informatiques.<\/p>\r\n<p>Les donn\u00e9es seront supprim\u00e9es d\u00e8s qu\u2019elles ne seront plus n\u00e9cessaires aux fins de leur collecte. Pour les donn\u00e9es personnelles du formulaire de saisie du formulaire de contact et celles envoy\u00e9es par e-mail, c\u2019est le cas lorsque la conversation respective avec l\u2019utilisateur est termin\u00e9e. La conversation est termin\u00e9e lorsqu\u2019il peut \u00eatre d\u00e9duit des circonstances que les faits pertinents ont \u00e9t\u00e9 finalement clarifi\u00e9s.<\/p>\r\n<p>L\u2019utilisateur a la possibilit\u00e9 \u00e0 tout moment de r\u00e9voquer son consentement au traitement des donn\u00e9es personnelles. Si l\u2019utilisateur nous contacte par e-mail, il peut s\u2019opposer au stockage de ses donn\u00e9es personnelles \u00e0 tout moment. Dans un tel cas, la conversation ne peut pas continuer.<\/p>\r\n","protected":false},"excerpt":{"rendered":"Politique de confidentialit\u00e9 Responsable de la collecte, du traitement et de l\u2019utilisation de vos donn\u00e9es personnelles au sens de l\u2019article 4 n \u00b0 7 du RGPD DUMOULIN AERORue Al\u2019Trappe 1104432 AlleurBelgium Tel.: +32 4 228 89 60E-Mail:\u00a0management@dumoulin-aero.com Si vous souhaitez vous opposer \u00e0 la collecte, le traitement ou l\u2019utilisation de vos informations par nous conform\u00e9ment [&hellip;]","protected":false},"author":1,"featured_media":0,"parent":0,"menu_order":0,"comment_status":"closed","ping_status":"closed","template":"pages\/default.php","meta":{"_acf_changed":false,"footnotes":""},"class_list":["post-3","page","type-page","status-publish","hentry"],"acf":[],"_links":{"self":[{"href":"https:\/\/dumoulin-aero.com\/fr\/wp-json\/wp\/v2\/pages\/3","targetHints":{"allow":["GET"]}}],"collection":[{"href":"https:\/\/dumoulin-aero.com\/fr\/wp-json\/wp\/v2\/pages"}],"about":[{"href":"https:\/\/dumoulin-aero.com\/fr\/wp-json\/wp\/v2\/types\/page"}],"author":[{"embeddable":true,"href":"https:\/\/dumoulin-aero.com\/fr\/wp-json\/wp\/v2\/users\/1"}],"replies":[{"embeddable":true,"href":"https:\/\/dumoulin-aero.com\/fr\/wp-json\/wp\/v2\/comments?post=3"}],"version-history":[{"count":5,"href":"https:\/\/dumoulin-aero.com\/fr\/wp-json\/wp\/v2\/pages\/3\/revisions"}],"predecessor-version":[{"id":475,"href":"https:\/\/dumoulin-aero.com\/fr\/wp-json\/wp\/v2\/pages\/3\/revisions\/475"}],"wp:attachment":[{"href":"https:\/\/dumoulin-aero.com\/fr\/wp-json\/wp\/v2\/media?parent=3"}],"curies":[{"name":"wp","href":"https:\/\/api.w.org\/{rel}","templated":true}]}}